{"id":166,"date":"2023-03-21T18:13:37","date_gmt":"2023-03-21T21:13:37","guid":{"rendered":"https:\/\/blog.capitalexpress.cl\/?page_id=166"},"modified":"2023-03-22T14:52:42","modified_gmt":"2023-03-22T17:52:42","slug":"pagina-pymes","status":"publish","type":"page","link":"https:\/\/blog.capitalexpress.cl\/?page_id=166","title":{"rendered":"PYMES"},"content":{"rendered":"\n<h1 class=\"has-text-align-center\">PYMES<\/h1>\n\n\n\n<hr class=\"wp-block-separator has-alpha-channel-opacity\"\/>\n\n\n\n<style>.wp-show-posts-columns#wpsp-164 {margin-left: -2em; }.wp-show-posts-columns#wpsp-164 .wp-show-posts-inner {margin: 0 0 2em 2em; }<\/style><section id=\"wpsp-164\" class=\" wp-show-posts-columns wp-show-posts\" style=\"\"><article class=\" wp-show-posts-single post-265 post type-post status-publish format-standard has-post-thumbnail hentry category-chile category-pyme wpsp-col-6\" itemtype=\"http:\/\/schema.org\/CreativeWork\" itemscope><div class=\"wp-show-posts-inner\" style=\"\">\t\t\t\t\t\t<header class=\"wp-show-posts-entry-header\">\n\t\t\t\t\t\t\t<h2 class=\"wp-show-posts-entry-title\" itemprop=\"headline\"><a href=\"https:\/\/blog.capitalexpress.cl\/?p=265\" rel=\"bookmark\">\u00bfQue es el proceso de declaraci\u00f3n de renta?<\/a><\/h2><div class=\"wp-show-posts-entry-meta wp-show-posts-entry-meta-below-title post-meta-inline\"><span class=\"wp-show-posts-posted-on wp-show-posts-meta\">\n\t\t\t\t\t<a href=\"https:\/\/blog.capitalexpress.cl\/?p=265\" title=\"12:52 pm\" rel=\"bookmark\"><time class=\"wp-show-posts-entry-date published\" datetime=\"2023-04-24T12:52:38-04:00\" itemprop=\"datePublished\">Abril 24, 2023<\/time><time class=\"wp-show-posts-updated\" datetime=\"2023-04-24T13:12:43-04:00\" itemprop=\"dateModified\">Abril 24, 2023<\/time><\/a>\n\t\t\t\t<\/span><\/div>\t\t\t\t\t\t<\/header><!-- .entry-header -->\n\t\t\t\t\t\t\t<div class=\"wp-show-posts-image  wpsp-image-center \">\n\t\t\t<a href=\"https:\/\/blog.capitalexpress.cl\/?p=265\"  title=\"\u00bfQue es el proceso de declaraci\u00f3n de renta?\"><img width=\"1920\" height=\"1200\" src=\"https:\/\/blog.capitalexpress.cl\/wp-content\/uploads\/2023\/04\/image-2.png\" class=\"attachment-full size-full wp-post-image\" alt=\"\" decoding=\"async\" loading=\"lazy\" itemprop=\"image\" srcset=\"https:\/\/blog.capitalexpress.cl\/wp-content\/uploads\/2023\/04\/image-2.png 1920w, https:\/\/blog.capitalexpress.cl\/wp-content\/uploads\/2023\/04\/image-2-300x188.png 300w, https:\/\/blog.capitalexpress.cl\/wp-content\/uploads\/2023\/04\/image-2-1024x640.png 1024w, https:\/\/blog.capitalexpress.cl\/wp-content\/uploads\/2023\/04\/image-2-768x480.png 768w, https:\/\/blog.capitalexpress.cl\/wp-content\/uploads\/2023\/04\/image-2-1536x960.png 1536w\" sizes=\"(max-width: 1920px) 100vw, 1920px\" \/><\/a>\t\t<\/div>\n\t\t\t\t\t\t\t\t<div class=\"wp-show-posts-entry-summary\" itemprop=\"text\">\n\t\t\t\t\t\t\t<p>En Chile, el proceso de declaraci\u00f3n de renta es un tr\u00e1mite anual que deben realizar todas las personas naturales y jur\u00eddicas que hayan obtenido ingresos durante el a\u00f1o tributario. Este&#8230;<\/p>\n\t\t\t\t\t\t<\/div><!-- .entry-summary -->\n\t\t\t\t\t<\/div><!-- wp-show-posts-inner --><\/article><article class=\" wp-show-posts-single post-234 post type-post status-publish format-standard has-post-thumbnail hentry category-pyme wpsp-col-6\" itemtype=\"http:\/\/schema.org\/CreativeWork\" itemscope><div class=\"wp-show-posts-inner\" style=\"\">\t\t\t\t\t\t<header class=\"wp-show-posts-entry-header\">\n\t\t\t\t\t\t\t<h2 class=\"wp-show-posts-entry-title\" itemprop=\"headline\"><a href=\"https:\/\/blog.capitalexpress.cl\/?p=234\" rel=\"bookmark\">\u00bfC\u00f3mo la IA ayuda a las empresas a agilizar procesos?<\/a><\/h2><div class=\"wp-show-posts-entry-meta wp-show-posts-entry-meta-below-title post-meta-inline\"><span class=\"wp-show-posts-posted-on wp-show-posts-meta\">\n\t\t\t\t\t<a href=\"https:\/\/blog.capitalexpress.cl\/?p=234\" title=\"1:05 pm\" rel=\"bookmark\"><time class=\"wp-show-posts-entry-date published\" datetime=\"2023-03-22T13:05:10-04:00\" itemprop=\"datePublished\">Marzo 22, 2023<\/time><time class=\"wp-show-posts-updated\" datetime=\"2023-03-22T13:08:35-04:00\" itemprop=\"dateModified\">Marzo 22, 2023<\/time><\/a>\n\t\t\t\t<\/span><\/div>\t\t\t\t\t\t<\/header><!-- .entry-header -->\n\t\t\t\t\t\t\t<div class=\"wp-show-posts-image  wpsp-image-center \">\n\t\t\t<a href=\"https:\/\/blog.capitalexpress.cl\/?p=234\"  title=\"\u00bfC\u00f3mo la IA ayuda a las empresas a agilizar procesos?\"><img width=\"1024\" height=\"425\" src=\"https:\/\/blog.capitalexpress.cl\/wp-content\/uploads\/2023\/03\/iaa.png\" class=\"attachment-full size-full wp-post-image\" alt=\"\" decoding=\"async\" loading=\"lazy\" itemprop=\"image\" srcset=\"https:\/\/blog.capitalexpress.cl\/wp-content\/uploads\/2023\/03\/iaa.png 1024w, https:\/\/blog.capitalexpress.cl\/wp-content\/uploads\/2023\/03\/iaa-300x125.png 300w, https:\/\/blog.capitalexpress.cl\/wp-content\/uploads\/2023\/03\/iaa-768x319.png 768w\" sizes=\"(max-width: 1024px) 100vw, 1024px\" \/><\/a>\t\t<\/div>\n\t\t\t\t\t\t\t\t<div class=\"wp-show-posts-entry-summary\" itemprop=\"text\">\n\t\t\t\t\t\t\t<p>La inteligencia artificial (IA) puede proporcionar a las empresas una gran cantidad de beneficios, uno de los m\u00e1s destacados es la capacidad de agilizar sus procesos. A continuaci\u00f3n, se detallan&#8230;<\/p>\n\t\t\t\t\t\t<\/div><!-- .entry-summary -->\n\t\t\t\t\t<\/div><!-- wp-show-posts-inner --><\/article><article class=\" wp-show-posts-single post-131 post type-post status-publish format-standard has-post-thumbnail hentry category-chile category-pyme wpsp-col-6\" itemtype=\"http:\/\/schema.org\/CreativeWork\" itemscope><div class=\"wp-show-posts-inner\" style=\"\">\t\t\t\t\t\t<header class=\"wp-show-posts-entry-header\">\n\t\t\t\t\t\t\t<h2 class=\"wp-show-posts-entry-title\" itemprop=\"headline\"><a href=\"https:\/\/blog.capitalexpress.cl\/?p=131\" rel=\"bookmark\">\u00bfComo les fue economicamente a las Pymes en 2022?<\/a><\/h2><div class=\"wp-show-posts-entry-meta wp-show-posts-entry-meta-below-title post-meta-inline\"><span class=\"wp-show-posts-posted-on wp-show-posts-meta\">\n\t\t\t\t\t<a href=\"https:\/\/blog.capitalexpress.cl\/?p=131\" title=\"2:55 pm\" rel=\"bookmark\"><time class=\"wp-show-posts-entry-date published\" datetime=\"2023-02-21T14:55:55-04:00\" itemprop=\"datePublished\">Febrero 21, 2023<\/time><time class=\"wp-show-posts-updated\" datetime=\"2023-03-22T12:13:55-04:00\" itemprop=\"dateModified\">Marzo 22, 2023<\/time><\/a>\n\t\t\t\t<\/span><\/div>\t\t\t\t\t\t<\/header><!-- .entry-header -->\n\t\t\t\t\t\t\t<div class=\"wp-show-posts-image  wpsp-image-center \">\n\t\t\t<a href=\"https:\/\/blog.capitalexpress.cl\/?p=131\"  title=\"\u00bfComo les fue economicamente a las Pymes en 2022?\"><img width=\"2000\" height=\"1500\" src=\"https:\/\/blog.capitalexpress.cl\/wp-content\/uploads\/2023\/03\/image-2-1.png\" class=\"attachment-full size-full wp-post-image\" alt=\"\" decoding=\"async\" loading=\"lazy\" itemprop=\"image\" srcset=\"https:\/\/blog.capitalexpress.cl\/wp-content\/uploads\/2023\/03\/image-2-1.png 2000w, https:\/\/blog.capitalexpress.cl\/wp-content\/uploads\/2023\/03\/image-2-1-300x225.png 300w, https:\/\/blog.capitalexpress.cl\/wp-content\/uploads\/2023\/03\/image-2-1-1024x768.png 1024w, https:\/\/blog.capitalexpress.cl\/wp-content\/uploads\/2023\/03\/image-2-1-768x576.png 768w, https:\/\/blog.capitalexpress.cl\/wp-content\/uploads\/2023\/03\/image-2-1-1536x1152.png 1536w\" sizes=\"(max-width: 2000px) 100vw, 2000px\" \/><\/a>\t\t<\/div>\n\t\t\t\t\t\t\t\t<div class=\"wp-show-posts-entry-summary\" itemprop=\"text\">\n\t\t\t\t\t\t\t<p>Durante el a\u00f1o 2022, las peque\u00f1as y medianas empresas (PYMEs) en Chile se enfrentan a una situaci\u00f3n econ\u00f3mica desafiante debido a la pandemia de COVID-19 y la incertidumbre global en&#8230;<\/p>\n\t\t\t\t\t\t<\/div><!-- .entry-summary -->\n\t\t\t\t\t<\/div><!-- wp-show-posts-inner --><\/article><div class=\"wpsp-clear\"><\/div><\/section><!-- .wp-show-posts -->\n","protected":false},"excerpt":{"rendered":"<p>PYMES<\/p>\n","protected":false},"author":1,"featured_media":0,"parent":0,"menu_order":0,"comment_status":"closed","ping_status":"closed","template":"","meta":{"site-sidebar-layout":"default","site-content-layout":"default","ast-global-header-display":"","ast-main-header-display":"","ast-hfb-above-header-display":"","ast-hfb-below-header-display":"","ast-hfb-mobile-header-display":"","site-post-title":"disabled","ast-breadcrumbs-content":"","ast-featured-img":"","footer-sml-layout":"","theme-transparent-header-meta":"","adv-header-id-meta":"","stick-header-meta":"","header-above-stick-meta":"","header-main-stick-meta":"","header-below-stick-meta":""},"_links":{"self":[{"href":"https:\/\/blog.capitalexpress.cl\/index.php?rest_route=\/wp\/v2\/pages\/166"}],"collection":[{"href":"https:\/\/blog.capitalexpress.cl\/index.php?rest_route=\/wp\/v2\/pages"}],"about":[{"href":"https:\/\/blog.capitalexpress.cl\/index.php?rest_route=\/wp\/v2\/types\/page"}],"author":[{"embeddable":true,"href":"https:\/\/blog.capitalexpress.cl\/index.php?rest_route=\/wp\/v2\/users\/1"}],"replies":[{"embeddable":true,"href":"https:\/\/blog.capitalexpress.cl\/index.php?rest_route=%2Fwp%2Fv2%2Fcomments&post=166"}],"version-history":[{"count":4,"href":"https:\/\/blog.capitalexpress.cl\/index.php?rest_route=\/wp\/v2\/pages\/166\/revisions"}],"predecessor-version":[{"id":251,"href":"https:\/\/blog.capitalexpress.cl\/index.php?rest_route=\/wp\/v2\/pages\/166\/revisions\/251"}],"wp:attachment":[{"href":"https:\/\/blog.capitalexpress.cl\/index.php?rest_route=%2Fwp%2Fv2%2Fmedia&parent=166"}],"curies":[{"name":"wp","href":"https:\/\/api.w.org\/{rel}","templated":true}]}}